{"id":109,"date":"2022-09-16T19:21:34","date_gmt":"2022-09-16T19:21:34","guid":{"rendered":"https:\/\/cepad.es\/santjosep\/?page_id=109"},"modified":"2022-09-16T19:21:34","modified_gmt":"2022-09-16T19:21:34","slug":"politica-de-cookies","status":"publish","type":"page","link":"https:\/\/cepad.es\/santjosep\/politica-de-cookies\/","title":{"rendered":"Pol\u00edtica de cookies"},"content":{"rendered":"<h1>INFORMACI\u00d3N SOBRE <em>COOKIES<\/em><\/h1>\n<p>Debido a la entrada en vigor de la referente modificaci\u00f3n de la \u201cLey de Servicios de la Sociedad de la Informaci\u00f3n\u201d (LSSICE) establecida por el Real Decreto 13\/2012, es de obligaci\u00f3n obtener el consentimiento expreso del usuario de todas las p\u00e1ginas web que usan cookies prescindibles, antes de que \u00e9ste navegue por ellas.<\/p>\n<h1>\u00bfQU\u00c9 SON LAS <em>COOKIES<\/em>?<\/h1>\n<p>Las <em>cookies<\/em> y otras tecnolog\u00edas similares tales como local shared objects, flash cookies o p\u00edxeles, son herramientas empleadas por los servidores Web para almacenar y recuperar informaci\u00f3n acerca de sus visitantes, as\u00ed como para ofrecer un correcto funcionamiento del sitio.<\/p>\n<p>Mediante el uso de estos dispositivos se permite al servidor Web recordar algunos datos concernientes al usuario, como sus preferencias para la visualizaci\u00f3n de las p\u00e1ginas de ese servidor, nombre y contrase\u00f1a, productos que m\u00e1s le interesan, etc.<\/p>\n<h1><em>COOKIES<\/em> AFECTADAS POR LA NORMATIVA Y <em>COOKIES<\/em> EXCEPTUADAS<\/h1>\n<p>Seg\u00fan la directiva de la UE, las cookies que requieren el consentimiento informado por parte del usuario son las <em>cookies<\/em> de anal\u00edtica y las de publicidad y afiliaci\u00f3n, quedando exceptuadas las de car\u00e1cter t\u00e9cnico y las necesarias para el funcionamiento del sitio web o la prestaci\u00f3n de servicios expresamente solicitados por el usuario.<\/p>\n<h1>\u00bfQU\u00c9 TIPOS DE <em>COOKIES<\/em> EXISTEN?<\/h1>\n<p>Sobre los tipos de <em>cookies<\/em>, existen cinco grandes grupos:<\/p>\n<ul>\n<li><em>Cookies<\/em> anal\u00edticas: recogen informaci\u00f3n del uso que se realiza del sitio web.<\/li>\n<li><em>Cookies<\/em> sociales: son aquellas necesarias para redes sociales externas.<\/li>\n<li><em>Cookies<\/em> de afiliados: permiten hacer un seguimiento de las visitas procedentes de otras webs, con las que el sitio web establece un contrato de afiliaci\u00f3n (empresas de afiliaci\u00f3n).<\/li>\n<li><em>Cookies<\/em> de publicidad y comportamentales: recogen informaci\u00f3n sobre las preferencias y elecciones personales del usuario (retargeting).<\/li>\n<li><em>Cookies<\/em> t\u00e9cnicas y funcionales: son las estrictamente necesarias para el uso del sitio web y para la prestaci\u00f3n del servicio contratado.<\/li>\n<\/ul>\n<h1><em>COOKIES<\/em> QUE SE UTILIZAN EN ESTE SITIO WEB<\/h1>\n<h1>REVOCACI\u00d3N DEL CONSENTIMIENTO PARA INSTALAR <em>COOKIES<\/em><br \/>\nCOMO ELIMINAR LAS <em>COOKIES<\/em> DEL NAVEGADOR<\/h1>\n<p><strong>Chrome<\/strong><br \/>\n1. Selecciona el icono de Herramientas<br \/>\n2. Haz clic en Configuraci\u00f3n.<br \/>\n3. Haz clic en Mostrar Opciones Avanzadas.<br \/>\n4. En la secci\u00f3n &#8220;Privacidad&#8221; haz clic en Configuraci\u00f3n de contenido.<br \/>\n\u2022 Eliminar cookies: Haz clic en Todas las cookies y los datos de sitios&#8230;<br \/>\n\u2022 No permitir que se almacenen cookies.<br \/>\n5. Haz clic en Eliminar datos de navegaci\u00f3n (vaciar la Cach\u00e9).<br \/>\n6. Cierra y reinicia el navegador.<br \/>\nPara m\u00e1s informaci\u00f3n sobre Chrome pulse aqu\u00ed: http:\/\/support.google.com\/chrome\/answer\/95647?hl=es<\/p>\n<p><strong>Internet Explorer. Versi\u00f3n 11<\/strong><br \/>\n1. Selecciona Herramientas | Opciones de Internet.<br \/>\n2. Haz clic en la ficha General.<br \/>\n3. En la secci\u00f3n &#8220;Historial de exploraci\u00f3n&#8221;, haz clic en Eliminar el historial de exploraci\u00f3n al salir.<br \/>\n4. Seleccionar Eliminar archivos.<br \/>\n5. Seleccionar Eliminar cookies.<br \/>\n6. Haz clic en Eliminar.<br \/>\n7. Haz clic en Aceptar.<br \/>\n8. Cierra y reinicia el navegador.<br \/>\nPara m\u00e1s informaci\u00f3n sobre Internet Explorer pulse aqu\u00ed:<br \/>\nhttp:\/\/windows.microsoft.com\/es-419\/windows7\/how-to-manage-cookies-in-internet-explorer-9<\/p>\n<p><strong>Firefox. Versi\u00f3n 18<\/strong><\/p>\n<p>1. Selecciona Firefox | Historial | Limpiar el historial reciente.<br \/>\n2. Al lado de &#8220;Detalles&#8221;, haz clic en la flecha hacia abajo.<br \/>\n3. Selecciona las siguientes casillas de verificaci\u00f3n: Cookies, Cach\u00e9, Inicios de sesi\u00f3n activos<br \/>\n4. Usando el &#8220;Intervalo de tiempo para borrar&#8221; en el men\u00fa desplegable, selecciona Todo.<br \/>\n5. Haz clic en Borrar ahora.<br \/>\n6. Cierra y reinicia el navegador.<br \/>\nPuede aceptar o rechazar las cookies individualmente en las Preferencias de Firefox, en la secci\u00f3n Historial disponible en<br \/>\nHerramientas &gt; Opciones &gt; Privacidad.<br \/>\nPara m\u00e1s informaci\u00f3n sobre Mozilla Firefox pulse aqu\u00ed: https:\/\/www.mozilla.org\/es-ES\/privacy\/websites\/#cookies<\/p>\n<p><strong>Safari Versi\u00f3n 5.1<\/strong><\/p>\n<p>1. Selecciona el icono de Safari \/ Editar | Restaurar Safari.<br \/>\n2. Selecciona las siguientes casillas de verificaci\u00f3n: Borrar el historial, Eliminar todos los datos de sitio web<br \/>\n3. Haz clic en Restablecer.<br \/>\n4. Cierra y reinicia el navegador.<br \/>\nPara m\u00e1s informaci\u00f3n sobre Safari pulse aqu\u00ed: http:\/\/support.apple.com\/kb\/PH5042<\/p>\n<p><strong>Opera<\/strong><br \/>\nOpciones &#8211; Avanzado &#8211; Cookies.<br \/>\nLas opciones de cookies controlan el modo en que Opera los maneja y por lo tanto su aceptaci\u00f3n o rechazo.<br \/>\nPara m\u00e1s informaci\u00f3n sobre \u00d3pera pulse aqu\u00ed: http:\/\/help.opera.com\/Linux\/10.60\/es-ES\/cookies.html<\/p>\n<p><strong>Otros navegadores<\/strong><br \/>\nConsulte la documentaci\u00f3n del navegador que tenga instalado.<\/p>\n","protected":false},"excerpt":{"rendered":"<p>INFORMACI\u00d3N SOBRE COOKIES Debido a la entrada en vigor de la referente modificaci\u00f3n de la \u201cLey de Servicios de la Sociedad de la Informaci\u00f3n\u201d (LSSICE)&hellip;<\/p>\n","protected":false},"author":1,"featured_media":0,"parent":0,"menu_order":0,"comment_status":"closed","ping_status":"closed","template":"","meta":{"footnotes":""},"class_list":["post-109","page","type-page","status-publish","hentry","no-post-thumbnail"],"yoast_head":"<!-- This site is optimized with the Yoast SEO plugin v27.5 - https:\/\/yoast.com\/product\/yoast-seo-wordpress\/ -->\n<title>Pol\u00edtica de cookies - CEPAD Sant Josep de sa Talaia<\/title>\n<meta name=\"robots\" content=\"index, follow, max-snippet:-1, max-image-preview:large, max-video-preview:-1\" \/>\n<link rel=\"canonical\" href=\"https:\/\/cepad.es\/santjosep\/politica-de-cookies\/\" \/>\n<meta property=\"og:locale\" content=\"ca_ES\" \/>\n<meta property=\"og:type\" content=\"article\" \/>\n<meta property=\"og:title\" content=\"Pol\u00edtica de cookies - CEPAD Sant Josep de sa Talaia\" \/>\n<meta property=\"og:description\" content=\"INFORMACI\u00d3N SOBRE COOKIES Debido a la entrada en vigor de la referente modificaci\u00f3n de la \u201cLey de Servicios de la Sociedad de la Informaci\u00f3n\u201d (LSSICE)&hellip;\" \/>\n<meta property=\"og:url\" content=\"https:\/\/cepad.es\/santjosep\/politica-de-cookies\/\" \/>\n<meta property=\"og:site_name\" content=\"CEPAD Sant Josep de sa Talaia\" \/>\n<meta name=\"twitter:card\" content=\"summary_large_image\" \/>\n<meta name=\"twitter:label1\" content=\"Temps estimat de lectura\" \/>\n\t<meta name=\"twitter:data1\" content=\"4 minuts\" \/>\n<script type=\"application\/ld+json\" class=\"yoast-schema-graph\">{\"@context\":\"https:\\\/\\\/schema.org\",\"@graph\":[{\"@type\":\"WebPage\",\"@id\":\"https:\\\/\\\/cepad.es\\\/santjosep\\\/politica-de-cookies\\\/\",\"url\":\"https:\\\/\\\/cepad.es\\\/santjosep\\\/politica-de-cookies\\\/\",\"name\":\"Pol\u00edtica de cookies - CEPAD Sant Josep de sa Talaia\",\"isPartOf\":{\"@id\":\"https:\\\/\\\/cepad.es\\\/santjosep\\\/#website\"},\"datePublished\":\"2022-09-16T19:21:34+00:00\",\"breadcrumb\":{\"@id\":\"https:\\\/\\\/cepad.es\\\/santjosep\\\/politica-de-cookies\\\/#breadcrumb\"},\"inLanguage\":\"ca\",\"potentialAction\":[{\"@type\":\"ReadAction\",\"target\":[\"https:\\\/\\\/cepad.es\\\/santjosep\\\/politica-de-cookies\\\/\"]}]},{\"@type\":\"BreadcrumbList\",\"@id\":\"https:\\\/\\\/cepad.es\\\/santjosep\\\/politica-de-cookies\\\/#breadcrumb\",\"itemListElement\":[{\"@type\":\"ListItem\",\"position\":1,\"name\":\"Inici\",\"item\":\"https:\\\/\\\/cepad.es\\\/santjosep\\\/\"},{\"@type\":\"ListItem\",\"position\":2,\"name\":\"Pol\u00edtica de cookies\"}]},{\"@type\":\"WebSite\",\"@id\":\"https:\\\/\\\/cepad.es\\\/santjosep\\\/#website\",\"url\":\"https:\\\/\\\/cepad.es\\\/santjosep\\\/\",\"name\":\"CEPAD Sant Josep de sa Talaia\",\"description\":\"Centre de Protecci\u00f3 d&#039;Animals Dom\u00e8stics\",\"publisher\":{\"@id\":\"https:\\\/\\\/cepad.es\\\/santjosep\\\/#organization\"},\"potentialAction\":[{\"@type\":\"SearchAction\",\"target\":{\"@type\":\"EntryPoint\",\"urlTemplate\":\"https:\\\/\\\/cepad.es\\\/santjosep\\\/?s={search_term_string}\"},\"query-input\":{\"@type\":\"PropertyValueSpecification\",\"valueRequired\":true,\"valueName\":\"search_term_string\"}}],\"inLanguage\":\"ca\"},{\"@type\":\"Organization\",\"@id\":\"https:\\\/\\\/cepad.es\\\/santjosep\\\/#organization\",\"name\":\"CEPAD Sant Josep de sa Talaia\",\"url\":\"https:\\\/\\\/cepad.es\\\/santjosep\\\/\",\"logo\":{\"@type\":\"ImageObject\",\"inLanguage\":\"ca\",\"@id\":\"https:\\\/\\\/cepad.es\\\/santjosep\\\/#\\\/schema\\\/logo\\\/image\\\/\",\"url\":\"https:\\\/\\\/cepad.es\\\/santjosep\\\/wp-content\\\/uploads\\\/2022\\\/06\\\/cropped-cropped-logo-cepad-jpg.jpeg\",\"contentUrl\":\"https:\\\/\\\/cepad.es\\\/santjosep\\\/wp-content\\\/uploads\\\/2022\\\/06\\\/cropped-cropped-logo-cepad-jpg.jpeg\",\"width\":595,\"height\":585,\"caption\":\"CEPAD Sant Josep de sa Talaia\"},\"image\":{\"@id\":\"https:\\\/\\\/cepad.es\\\/santjosep\\\/#\\\/schema\\\/logo\\\/image\\\/\"}}]}<\/script>\n<!-- \/ Yoast SEO plugin. -->","yoast_head_json":{"title":"Pol\u00edtica de cookies - CEPAD Sant Josep de sa Talaia","robots":{"index":"index","follow":"follow","max-snippet":"max-snippet:-1","max-image-preview":"max-image-preview:large","max-video-preview":"max-video-preview:-1"},"canonical":"https:\/\/cepad.es\/santjosep\/politica-de-cookies\/","og_locale":"ca_ES","og_type":"article","og_title":"Pol\u00edtica de cookies - CEPAD Sant Josep de sa Talaia","og_description":"INFORMACI\u00d3N SOBRE COOKIES Debido a la entrada en vigor de la referente modificaci\u00f3n de la \u201cLey de Servicios de la Sociedad de la Informaci\u00f3n\u201d (LSSICE)&hellip;","og_url":"https:\/\/cepad.es\/santjosep\/politica-de-cookies\/","og_site_name":"CEPAD Sant Josep de sa Talaia","twitter_card":"summary_large_image","twitter_misc":{"Temps estimat de lectura":"4 minuts"},"schema":{"@context":"https:\/\/schema.org","@graph":[{"@type":"WebPage","@id":"https:\/\/cepad.es\/santjosep\/politica-de-cookies\/","url":"https:\/\/cepad.es\/santjosep\/politica-de-cookies\/","name":"Pol\u00edtica de cookies - CEPAD Sant Josep de sa Talaia","isPartOf":{"@id":"https:\/\/cepad.es\/santjosep\/#website"},"datePublished":"2022-09-16T19:21:34+00:00","breadcrumb":{"@id":"https:\/\/cepad.es\/santjosep\/politica-de-cookies\/#breadcrumb"},"inLanguage":"ca","potentialAction":[{"@type":"ReadAction","target":["https:\/\/cepad.es\/santjosep\/politica-de-cookies\/"]}]},{"@type":"BreadcrumbList","@id":"https:\/\/cepad.es\/santjosep\/politica-de-cookies\/#breadcrumb","itemListElement":[{"@type":"ListItem","position":1,"name":"Inici","item":"https:\/\/cepad.es\/santjosep\/"},{"@type":"ListItem","position":2,"name":"Pol\u00edtica de cookies"}]},{"@type":"WebSite","@id":"https:\/\/cepad.es\/santjosep\/#website","url":"https:\/\/cepad.es\/santjosep\/","name":"CEPAD Sant Josep de sa Talaia","description":"Centre de Protecci\u00f3 d&#039;Animals Dom\u00e8stics","publisher":{"@id":"https:\/\/cepad.es\/santjosep\/#organization"},"potentialAction":[{"@type":"SearchAction","target":{"@type":"EntryPoint","urlTemplate":"https:\/\/cepad.es\/santjosep\/?s={search_term_string}"},"query-input":{"@type":"PropertyValueSpecification","valueRequired":true,"valueName":"search_term_string"}}],"inLanguage":"ca"},{"@type":"Organization","@id":"https:\/\/cepad.es\/santjosep\/#organization","name":"CEPAD Sant Josep de sa Talaia","url":"https:\/\/cepad.es\/santjosep\/","logo":{"@type":"ImageObject","inLanguage":"ca","@id":"https:\/\/cepad.es\/santjosep\/#\/schema\/logo\/image\/","url":"https:\/\/cepad.es\/santjosep\/wp-content\/uploads\/2022\/06\/cropped-cropped-logo-cepad-jpg.jpeg","contentUrl":"https:\/\/cepad.es\/santjosep\/wp-content\/uploads\/2022\/06\/cropped-cropped-logo-cepad-jpg.jpeg","width":595,"height":585,"caption":"CEPAD Sant Josep de sa Talaia"},"image":{"@id":"https:\/\/cepad.es\/santjosep\/#\/schema\/logo\/image\/"}}]}},"_links":{"self":[{"href":"https:\/\/cepad.es\/santjosep\/wp-json\/wp\/v2\/pages\/109","targetHints":{"allow":["GET"]}}],"collection":[{"href":"https:\/\/cepad.es\/santjosep\/wp-json\/wp\/v2\/pages"}],"about":[{"href":"https:\/\/cepad.es\/santjosep\/wp-json\/wp\/v2\/types\/page"}],"author":[{"embeddable":true,"href":"https:\/\/cepad.es\/santjosep\/wp-json\/wp\/v2\/users\/1"}],"replies":[{"embeddable":true,"href":"https:\/\/cepad.es\/santjosep\/wp-json\/wp\/v2\/comments?post=109"}],"version-history":[{"count":1,"href":"https:\/\/cepad.es\/santjosep\/wp-json\/wp\/v2\/pages\/109\/revisions"}],"predecessor-version":[{"id":110,"href":"https:\/\/cepad.es\/santjosep\/wp-json\/wp\/v2\/pages\/109\/revisions\/110"}],"wp:attachment":[{"href":"https:\/\/cepad.es\/santjosep\/wp-json\/wp\/v2\/media?parent=109"}],"curies":[{"name":"wp","href":"https:\/\/api.w.org\/{rel}","templated":true}]}}