{"id":86,"date":"2022-09-16T18:52:05","date_gmt":"2022-09-16T18:52:05","guid":{"rendered":"https:\/\/cepad.es\/santjosep\/?page_id=86"},"modified":"2025-06-25T10:11:35","modified_gmt":"2025-06-25T10:11:35","slug":"tarifes","status":"publish","type":"page","link":"https:\/\/cepad.es\/santjosep\/tarifes\/","title":{"rendered":"Tarifes\/Tarifas"},"content":{"rendered":"<p>A partir de 2025, s\u2019aplicaran les tarifes publicades a l\u2019Ordenan\u00e7a fiscal reguladora de la taxa per la prestaci\u00f3 del servei de recollida i cust\u00f2dia d&#8217;animals abandonats o vagabunds.<\/p>\n<p>A partir de 2025 se aplicar\u00e1n las tarifas publicadas en la Ordenanza Fiscal\u00a0 reguladora de la tasa por la prestaci\u00f3n del servicio de recogida y custodia de animales abandonados o vagabundos<\/p>\n<p><a href=\"https:\/\/cepad.es\/santjosep\/wp-content\/uploads\/2025\/06\/Ordenanca-fiscal-reguladora-de-la-taxa-per-a-la-prestacio-del-servei-de-recollida-i-custodia-danimals-abandonats-o-vagabunds-1.pdf\">BOIB 34 de 18 de marzo de 2025<\/a><\/p>\n","protected":false},"excerpt":{"rendered":"<p>A partir de 2025, s\u2019aplicaran les tarifes publicades a l\u2019Ordenan\u00e7a fiscal reguladora de la taxa per la prestaci\u00f3 del servei de recollida i cust\u00f2dia d&#8217;animals&hellip;<\/p>\n","protected":false},"author":1,"featured_media":0,"parent":0,"menu_order":0,"comment_status":"closed","ping_status":"closed","template":"","meta":{"footnotes":""},"class_list":["post-86","page","type-page","status-publish","hentry","no-post-thumbnail"],"yoast_head":"<!-- This site is optimized with the Yoast SEO plugin v27.5 - https:\/\/yoast.com\/product\/yoast-seo-wordpress\/ -->\n<title>Tarifes\/Tarifas - CEPAD Sant Josep de sa Talaia<\/title>\n<meta name=\"robots\" content=\"index, follow, max-snippet:-1, max-image-preview:large, max-video-preview:-1\" \/>\n<link rel=\"canonical\" href=\"https:\/\/cepad.es\/santjosep\/tarifes\/\" \/>\n<meta property=\"og:locale\" content=\"ca_ES\" \/>\n<meta property=\"og:type\" content=\"article\" \/>\n<meta property=\"og:title\" content=\"Tarifes\/Tarifas - CEPAD Sant Josep de sa Talaia\" \/>\n<meta property=\"og:description\" content=\"A partir de 2025, s\u2019aplicaran les tarifes publicades a l\u2019Ordenan\u00e7a fiscal reguladora de la taxa per la prestaci\u00f3 del servei de recollida i cust\u00f2dia d&#8217;animals&hellip;\" \/>\n<meta property=\"og:url\" content=\"https:\/\/cepad.es\/santjosep\/tarifes\/\" \/>\n<meta property=\"og:site_name\" content=\"CEPAD Sant Josep de sa Talaia\" \/>\n<meta property=\"article:modified_time\" content=\"2025-06-25T10:11:35+00:00\" \/>\n<meta name=\"twitter:card\" content=\"summary_large_image\" \/>\n<meta name=\"twitter:label1\" content=\"Temps estimat de lectura\" \/>\n\t<meta name=\"twitter:data1\" content=\"1 minut\" \/>\n<script type=\"application\/ld+json\" class=\"yoast-schema-graph\">{\"@context\":\"https:\\\/\\\/schema.org\",\"@graph\":[{\"@type\":\"WebPage\",\"@id\":\"https:\\\/\\\/cepad.es\\\/santjosep\\\/tarifes\\\/\",\"url\":\"https:\\\/\\\/cepad.es\\\/santjosep\\\/tarifes\\\/\",\"name\":\"Tarifes\\\/Tarifas - CEPAD Sant Josep de sa Talaia\",\"isPartOf\":{\"@id\":\"https:\\\/\\\/cepad.es\\\/santjosep\\\/#website\"},\"datePublished\":\"2022-09-16T18:52:05+00:00\",\"dateModified\":\"2025-06-25T10:11:35+00:00\",\"breadcrumb\":{\"@id\":\"https:\\\/\\\/cepad.es\\\/santjosep\\\/tarifes\\\/#breadcrumb\"},\"inLanguage\":\"ca\",\"potentialAction\":[{\"@type\":\"ReadAction\",\"target\":[\"https:\\\/\\\/cepad.es\\\/santjosep\\\/tarifes\\\/\"]}]},{\"@type\":\"BreadcrumbList\",\"@id\":\"https:\\\/\\\/cepad.es\\\/santjosep\\\/tarifes\\\/#breadcrumb\",\"itemListElement\":[{\"@type\":\"ListItem\",\"position\":1,\"name\":\"Inici\",\"item\":\"https:\\\/\\\/cepad.es\\\/santjosep\\\/\"},{\"@type\":\"ListItem\",\"position\":2,\"name\":\"Tarifes\\\/Tarifas\"}]},{\"@type\":\"WebSite\",\"@id\":\"https:\\\/\\\/cepad.es\\\/santjosep\\\/#website\",\"url\":\"https:\\\/\\\/cepad.es\\\/santjosep\\\/\",\"name\":\"CEPAD Sant Josep de sa Talaia\",\"description\":\"Centre de Protecci\u00f3 d&#039;Animals Dom\u00e8stics\",\"publisher\":{\"@id\":\"https:\\\/\\\/cepad.es\\\/santjosep\\\/#organization\"},\"potentialAction\":[{\"@type\":\"SearchAction\",\"target\":{\"@type\":\"EntryPoint\",\"urlTemplate\":\"https:\\\/\\\/cepad.es\\\/santjosep\\\/?s={search_term_string}\"},\"query-input\":{\"@type\":\"PropertyValueSpecification\",\"valueRequired\":true,\"valueName\":\"search_term_string\"}}],\"inLanguage\":\"ca\"},{\"@type\":\"Organization\",\"@id\":\"https:\\\/\\\/cepad.es\\\/santjosep\\\/#organization\",\"name\":\"CEPAD Sant Josep de sa Talaia\",\"url\":\"https:\\\/\\\/cepad.es\\\/santjosep\\\/\",\"logo\":{\"@type\":\"ImageObject\",\"inLanguage\":\"ca\",\"@id\":\"https:\\\/\\\/cepad.es\\\/santjosep\\\/#\\\/schema\\\/logo\\\/image\\\/\",\"url\":\"https:\\\/\\\/cepad.es\\\/santjosep\\\/wp-content\\\/uploads\\\/2022\\\/06\\\/cropped-cropped-logo-cepad-jpg.jpeg\",\"contentUrl\":\"https:\\\/\\\/cepad.es\\\/santjosep\\\/wp-content\\\/uploads\\\/2022\\\/06\\\/cropped-cropped-logo-cepad-jpg.jpeg\",\"width\":595,\"height\":585,\"caption\":\"CEPAD Sant Josep de sa Talaia\"},\"image\":{\"@id\":\"https:\\\/\\\/cepad.es\\\/santjosep\\\/#\\\/schema\\\/logo\\\/image\\\/\"}}]}<\/script>\n<!-- \/ Yoast SEO plugin. -->","yoast_head_json":{"title":"Tarifes\/Tarifas - CEPAD Sant Josep de sa Talaia","robots":{"index":"index","follow":"follow","max-snippet":"max-snippet:-1","max-image-preview":"max-image-preview:large","max-video-preview":"max-video-preview:-1"},"canonical":"https:\/\/cepad.es\/santjosep\/tarifes\/","og_locale":"ca_ES","og_type":"article","og_title":"Tarifes\/Tarifas - CEPAD Sant Josep de sa Talaia","og_description":"A partir de 2025, s\u2019aplicaran les tarifes publicades a l\u2019Ordenan\u00e7a fiscal reguladora de la taxa per la prestaci\u00f3 del servei de recollida i cust\u00f2dia d&#8217;animals&hellip;","og_url":"https:\/\/cepad.es\/santjosep\/tarifes\/","og_site_name":"CEPAD Sant Josep de sa Talaia","article_modified_time":"2025-06-25T10:11:35+00:00","twitter_card":"summary_large_image","twitter_misc":{"Temps estimat de lectura":"1 minut"},"schema":{"@context":"https:\/\/schema.org","@graph":[{"@type":"WebPage","@id":"https:\/\/cepad.es\/santjosep\/tarifes\/","url":"https:\/\/cepad.es\/santjosep\/tarifes\/","name":"Tarifes\/Tarifas - CEPAD Sant Josep de sa Talaia","isPartOf":{"@id":"https:\/\/cepad.es\/santjosep\/#website"},"datePublished":"2022-09-16T18:52:05+00:00","dateModified":"2025-06-25T10:11:35+00:00","breadcrumb":{"@id":"https:\/\/cepad.es\/santjosep\/tarifes\/#breadcrumb"},"inLanguage":"ca","potentialAction":[{"@type":"ReadAction","target":["https:\/\/cepad.es\/santjosep\/tarifes\/"]}]},{"@type":"BreadcrumbList","@id":"https:\/\/cepad.es\/santjosep\/tarifes\/#breadcrumb","itemListElement":[{"@type":"ListItem","position":1,"name":"Inici","item":"https:\/\/cepad.es\/santjosep\/"},{"@type":"ListItem","position":2,"name":"Tarifes\/Tarifas"}]},{"@type":"WebSite","@id":"https:\/\/cepad.es\/santjosep\/#website","url":"https:\/\/cepad.es\/santjosep\/","name":"CEPAD Sant Josep de sa Talaia","description":"Centre de Protecci\u00f3 d&#039;Animals Dom\u00e8stics","publisher":{"@id":"https:\/\/cepad.es\/santjosep\/#organization"},"potentialAction":[{"@type":"SearchAction","target":{"@type":"EntryPoint","urlTemplate":"https:\/\/cepad.es\/santjosep\/?s={search_term_string}"},"query-input":{"@type":"PropertyValueSpecification","valueRequired":true,"valueName":"search_term_string"}}],"inLanguage":"ca"},{"@type":"Organization","@id":"https:\/\/cepad.es\/santjosep\/#organization","name":"CEPAD Sant Josep de sa Talaia","url":"https:\/\/cepad.es\/santjosep\/","logo":{"@type":"ImageObject","inLanguage":"ca","@id":"https:\/\/cepad.es\/santjosep\/#\/schema\/logo\/image\/","url":"https:\/\/cepad.es\/santjosep\/wp-content\/uploads\/2022\/06\/cropped-cropped-logo-cepad-jpg.jpeg","contentUrl":"https:\/\/cepad.es\/santjosep\/wp-content\/uploads\/2022\/06\/cropped-cropped-logo-cepad-jpg.jpeg","width":595,"height":585,"caption":"CEPAD Sant Josep de sa Talaia"},"image":{"@id":"https:\/\/cepad.es\/santjosep\/#\/schema\/logo\/image\/"}}]}},"_links":{"self":[{"href":"https:\/\/cepad.es\/santjosep\/wp-json\/wp\/v2\/pages\/86","targetHints":{"allow":["GET"]}}],"collection":[{"href":"https:\/\/cepad.es\/santjosep\/wp-json\/wp\/v2\/pages"}],"about":[{"href":"https:\/\/cepad.es\/santjosep\/wp-json\/wp\/v2\/types\/page"}],"author":[{"embeddable":true,"href":"https:\/\/cepad.es\/santjosep\/wp-json\/wp\/v2\/users\/1"}],"replies":[{"embeddable":true,"href":"https:\/\/cepad.es\/santjosep\/wp-json\/wp\/v2\/comments?post=86"}],"version-history":[{"count":5,"href":"https:\/\/cepad.es\/santjosep\/wp-json\/wp\/v2\/pages\/86\/revisions"}],"predecessor-version":[{"id":146,"href":"https:\/\/cepad.es\/santjosep\/wp-json\/wp\/v2\/pages\/86\/revisions\/146"}],"wp:attachment":[{"href":"https:\/\/cepad.es\/santjosep\/wp-json\/wp\/v2\/media?parent=86"}],"curies":[{"name":"wp","href":"https:\/\/api.w.org\/{rel}","templated":true}]}}